{"id":92,"date":"2026-02-21T17:19:51","date_gmt":"2026-02-21T17:19:51","guid":{"rendered":"https:\/\/movapilates.fr\/?page_id=92"},"modified":"2026-02-21T18:01:19","modified_gmt":"2026-02-21T18:01:19","slug":"mentions-legales","status":"publish","type":"page","link":"https:\/\/movapilates.fr\/index.php\/mentions-legales\/","title":{"rendered":"Mentions L\u00e9gales"},"content":{"rendered":"\n<p><\/p>\n\n\n\n<p><strong>Mentions L\u00e9gales<\/strong><\/p>\n\n\n\n<p><strong>\u00c9diteur du site :<\/strong><br>MG MOOVE, SARL au capital de 500\u20ac<br>SIREN : 995182516<br>Si\u00e8ge social : 21 route de Verdun 57180 Terville FRANCE<br>Email : contact@mgmoove.com<br>Directeur de la publication : Marie Guebert<\/p>\n\n\n\n<p><strong>H\u00e9bergement :<\/strong><br>Ce site est h\u00e9berg\u00e9 par OVH SAS 2 rue Kellermann &#8211; 59100 Roubaix &#8211; France<\/p>\n\n\n\n<p><strong>Donn\u00e9es personnelles (RGPD)<\/strong><br>Conform\u00e9ment au R\u00e8glement (UE) 2016\/679 et \u00e0 la loi Informatique et Libert\u00e9s, vous disposez d\u2019un droit d\u2019acc\u00e8s, de rectification, de limitation, de portabilit\u00e9 et d\u2019effacement des donn\u00e9es vous concernant, ainsi que d\u2019un droit d\u2019opposition au traitement.<br>Ce site vitrine ne collecte aucune donn\u00e9e personnelle (pas de formulaire, cookies, ni tracking).<br>Seuls des logs techniques standards sont enregistr\u00e9s temporairement par l&#8217;h\u00e9bergeur pour s\u00e9curit\u00e9\/fonctionnement.<\/p>\n\n\n\n<p>Pour exercer ces droits ou pour toute question, contactez-nous \u00e0 contact@mgmoove.com ou par courrier \u00e0 21 route de Verdun 57180 Terville FRANCE.<br>CNIL : <a href=\"https:\/\/www.cnil.fr\/fr\/particulier\">https:\/\/www.cnil.fr\/fr\/particulier<\/a><\/p>\n\n\n\n<p><strong>Propri\u00e9t\u00e9 intellectuelle<\/strong><br>L\u2019ensemble de ce site et des \u0153uvres qui y sont publi\u00e9es (textes, photos, vid\u00e9os, logos) sont prot\u00e9g\u00e9s par le droit d\u2019auteur et le droit des marques. Toute reproduction, m\u00eame partielle, sans autorisation pr\u00e9alable \u00e9crite est interdite.<\/p>\n\n\n\n<p><strong>Liens hypertextes<\/strong><br>Le site peut contenir des liens vers des sites tiers (notamment l\u2019application mobile disponible sur App Store). movapilates.fr d\u00e9cline toute responsabilit\u00e9 quant au contenu de ces sites et aux \u00e9ventuelles pertes ou dommages subis par leur utilisation.<\/p>\n\n\n\n<p><strong>Droit applicable et juridiction comp\u00e9tente<\/strong><br>Le pr\u00e9sent site et les mentions l\u00e9gales sont r\u00e9gis par le droit fran\u00e7ais. Tout litige relatif \u00e0 ce site rel\u00e8ve de la comp\u00e9tence exclusive des tribunaux de Thionville.<\/p>\n\n\n\n<p>Derni\u00e8re mise \u00e0 jour : 21 f\u00e9vrier 2026<\/p>\n","protected":false},"excerpt":{"rendered":"<p>Mentions L\u00e9gales \u00c9diteur du site :MG MOOVE, SARL au capital de 500\u20acSIREN : 995182516Si\u00e8ge social : 21 route de Verdun 57180 Terville FRANCEEmail : contact@mgmoove.comDirecteur de la publication : Marie Guebert H\u00e9bergement :Ce site est h\u00e9berg\u00e9 par OVH SAS 2 rue Kellermann &#8211; 59100 Roubaix &#8211; France Donn\u00e9es personnelles (RGPD)Conform\u00e9ment au R\u00e8glement (UE) 2016\/679 et [&hellip;]<\/p>\n","protected":false},"author":1,"featured_media":0,"parent":0,"menu_order":1,"comment_status":"closed","ping_status":"closed","template":"","meta":{"footnotes":""},"class_list":["post-92","page","type-page","status-publish","hentry"],"_links":{"self":[{"href":"https:\/\/movapilates.fr\/index.php\/wp-json\/wp\/v2\/pages\/92","targetHints":{"allow":["GET"]}}],"collection":[{"href":"https:\/\/movapilates.fr\/index.php\/wp-json\/wp\/v2\/pages"}],"about":[{"href":"https:\/\/movapilates.fr\/index.php\/wp-json\/wp\/v2\/types\/page"}],"author":[{"embeddable":true,"href":"https:\/\/movapilates.fr\/index.php\/wp-json\/wp\/v2\/users\/1"}],"replies":[{"embeddable":true,"href":"https:\/\/movapilates.fr\/index.php\/wp-json\/wp\/v2\/comments?post=92"}],"version-history":[{"count":8,"href":"https:\/\/movapilates.fr\/index.php\/wp-json\/wp\/v2\/pages\/92\/revisions"}],"predecessor-version":[{"id":112,"href":"https:\/\/movapilates.fr\/index.php\/wp-json\/wp\/v2\/pages\/92\/revisions\/112"}],"wp:attachment":[{"href":"https:\/\/movapilates.fr\/index.php\/wp-json\/wp\/v2\/media?parent=92"}],"curies":[{"name":"wp","href":"https:\/\/api.w.org\/{rel}","templated":true}]}}